{"id":1112,"date":"2012-05-17T18:05:03","date_gmt":"2012-05-17T16:05:03","guid":{"rendered":"http:\/\/alcheringa.fr\/?page_id=1112"},"modified":"2012-10-13T16:56:27","modified_gmt":"2012-10-13T14:56:27","slug":"remerciements","status":"publish","type":"page","link":"https:\/\/alcheringa.fr\/en\/soutien\/remerciements\/","title":{"rendered":"Thanks"},"content":{"rendered":"<p><\/p>\n<p><a href=\"https:\/\/alcheringa.fr\/wp-content\/uploads\/2012\/05\/photo-corenthin-thomas-duo-logo.png\" class=\"thr-popup\" ><img decoding=\"async\" loading=\"lazy\" class=\"aligncenter size-full wp-image-1113\" title=\"Merci\" src=\"https:\/\/alcheringa.fr\/wp-content\/uploads\/2012\/05\/photo-corenthin-thomas-duo-logo.png\" alt=\"\" width=\"814\" height=\"485\" srcset=\"https:\/\/alcheringa.fr\/wp-content\/uploads\/2012\/05\/photo-corenthin-thomas-duo-logo.png 814w, https:\/\/alcheringa.fr\/wp-content\/uploads\/2012\/05\/photo-corenthin-thomas-duo-logo-300x179.png 300w, https:\/\/alcheringa.fr\/wp-content\/uploads\/2012\/05\/photo-corenthin-thomas-duo-logo-768x458.png 768w, https:\/\/alcheringa.fr\/wp-content\/uploads\/2012\/05\/photo-corenthin-thomas-duo-logo-730x435.png 730w\" sizes=\"(max-width: 814px) 100vw, 814px\" \/><\/a><\/p>\n<p><strong>L&#8217;Institut Polytechnique LaSalle Beauvais<\/strong>\u00a0<em><\/p>\n<p><\/em>La\u00a0<strong>radio NRJ<\/strong>\u00a0<em><\/p>\n<p><\/em>Le\u00a0<strong>Courrier Picard<\/strong>\u00a0<em><\/p>\n<p><\/em>Le\u00a0<strong>Dauphin\u00e9 Lib\u00e9r\u00e9<\/strong><\/p>\n<p><strong>________________<\/strong><\/p>\n<p><strong>Alexis Pivard<\/strong><em><strong><\/p>\n<p><\/strong><\/em><strong>Antoine Wherlin<\/strong><em><\/p>\n<p><\/em><strong>C\u00e9dric Ferri\u00e9<\/strong><em><\/p>\n<p><\/em><strong>Christel Guier<\/strong><em>\u00a0<em><\/p>\n<p><\/em><\/em><strong>Isabelle Corredera\u00a0<\/strong><strong><em><\/p>\n<p><\/em>Maxime Wherlin<\/strong><em><\/p>\n<p><\/em><strong>Matthieu \u00a0Vignes\u00a0<\/strong><\/p>\n<p><\/p>","protected":false},"excerpt":{"rendered":"<p>L&#8217;Institut Polytechnique LaSalle Beauvais\u00a0 La\u00a0radio NRJ\u00a0 Le\u00a0Courrier Picard\u00a0 Le\u00a0Dauphin\u00e9 Lib\u00e9r\u00e9 ________________ Alexis Pivard Antoine Wherlin C\u00e9dric Ferri\u00e9 Christel Guier\u00a0 Isabelle Corredera\u00a0 Maxime Wherlin Matthieu \u00a0Vignes\u00a0<\/p>\n","protected":false},"author":4,"featured_media":0,"parent":105,"menu_order":1,"comment_status":"open","ping_status":"open","template":"sidebar-page.php","meta":{"_bbp_topic_count":0,"_bbp_reply_count":0,"_bbp_total_topic_count":0,"_bbp_total_reply_count":0,"_bbp_voice_count":0,"_bbp_anonymous_reply_count":0,"_bbp_topic_count_hidden":0,"_bbp_reply_count_hidden":0,"_bbp_forum_subforum_count":0},"aioseo_notices":[],"_links":{"self":[{"href":"https:\/\/alcheringa.fr\/en\/wp-json\/wp\/v2\/pages\/1112"}],"collection":[{"href":"https:\/\/alcheringa.fr\/en\/wp-json\/wp\/v2\/pages"}],"about":[{"href":"https:\/\/alcheringa.fr\/en\/wp-json\/wp\/v2\/types\/page"}],"author":[{"embeddable":true,"href":"https:\/\/alcheringa.fr\/en\/wp-json\/wp\/v2\/users\/4"}],"replies":[{"embeddable":true,"href":"https:\/\/alcheringa.fr\/en\/wp-json\/wp\/v2\/comments?post=1112"}],"version-history":[{"count":0,"href":"https:\/\/alcheringa.fr\/en\/wp-json\/wp\/v2\/pages\/1112\/revisions"}],"up":[{"embeddable":true,"href":"https:\/\/alcheringa.fr\/en\/wp-json\/wp\/v2\/pages\/105"}],"wp:attachment":[{"href":"https:\/\/alcheringa.fr\/en\/wp-json\/wp\/v2\/media?parent=1112"}],"curies":[{"name":"wp","href":"https:\/\/api.w.org\/{rel}","templated":true}]}}